{"id":167,"date":"2017-08-29T15:12:19","date_gmt":"2017-08-29T13:12:19","guid":{"rendered":"http:\/\/www.beckco-werkzeuge.de\/?page_id=167"},"modified":"2017-12-13T09:00:59","modified_gmt":"2017-12-13T08:00:59","slug":"antriebstechnik","status":"publish","type":"page","link":"https:\/\/www.beckco-werkzeuge.de\/en\/antriebstechnik\/","title":{"rendered":"Antriebstechnik"},"content":{"rendered":"<h1>Antriebstechnik<\/h1>\n<h2>Mit uns geht es voran!<\/h2>\n<div class=\"row\">\n <div class=\"col-sm-9\">\n F\u00fcr den Bereich Antriebstechnik bieten wir Ihnen eine gro\u00dfe Auswahl an Produkten in hervorragender Qualit\u00e4t von namhaften Marken.<br \/>\n \u00a0<\/p>\n<\/div>\n <div class=\"col-md-3\">\n <a class=\"button-round\" href=\"https:\/\/www.beckco-werkzeuge.de\/kontakt\/\">Beratung?<\/a><a class=\"button\" href=\"https:\/\/shop.beckco-werkzeuge.de\" target=\"_blank\" rel=\"noopener\">Zum Shop<\/a><\/div>\n <\/div>\n<p><strong><span style=\"color: #1b54a2;\">W\u00e4lzlager und Lineartechnik:<\/span>\u00a0<\/strong>und mehr&#8230;<br \/>\n <span style=\"color: #1b54a2;\"><strong>Antriebs- und F\u00f6rdertechnik:\u00a0<\/strong><\/span>und mehr&#8230;<br \/>\n <strong><span style=\"color: #1b54a2;\">Dichtungs- und Schwingungstechnik:<\/span>\u00a0<\/strong>und mehr&#8230;<br \/>\n <span style=\"color: #1b54a2;\"><strong>Normteile:\u00a0<\/strong><\/span>und mehr&#8230;<br \/>\n <span style=\"color: #1b54a2;\"><strong>Keilriemen:\u00a0<\/strong><\/span>und mehr&#8230;<br \/>\n <span style=\"color: #1b54a2;\"><strong>Lagereinheiten:\u00a0<\/strong><\/span>und mehr&#8230;<\/p>\n<p>&nbsp;<\/p>\n<p><img loading=\"lazy\" decoding=\"async\" class=\"markenbild alignnone wp-image-322 size-full\" src=\"https:\/\/www.beckco-werkzeuge.de\/wp-content\/uploads\/Marken_Antriebstechnik.jpg\" alt=\"\" width=\"300\" height=\"80\" \/><\/p>\n","protected":false},"excerpt":{"rendered":"<p>Antriebstechnik Mit uns geht es voran! W\u00e4lzlager und Lineartechnik:\u00a0und mehr&#8230; Antriebs- und F\u00f6rdertechnik:\u00a0und mehr&#8230; Dichtungs- und Schwingungstechnik:\u00a0und mehr&#8230; Normteile:\u00a0und mehr&#8230; Keilriemen:\u00a0und mehr&#8230; Lagereinheiten:\u00a0und mehr&#8230; &nbsp;<\/p>\n","protected":false},"author":1,"featured_media":564,"parent":0,"menu_order":100,"comment_status":"closed","ping_status":"closed","template":"","meta":{"_acf_changed":false,"footnotes":""},"class_list":["post-167","page","type-page","status-publish","has-post-thumbnail","hentry"],"acf":[],"_links":{"self":[{"href":"https:\/\/www.beckco-werkzeuge.de\/en\/wp-json\/wp\/v2\/pages\/167","targetHints":{"allow":["GET"]}}],"collection":[{"href":"https:\/\/www.beckco-werkzeuge.de\/en\/wp-json\/wp\/v2\/pages"}],"about":[{"href":"https:\/\/www.beckco-werkzeuge.de\/en\/wp-json\/wp\/v2\/types\/page"}],"author":[{"embeddable":true,"href":"https:\/\/www.beckco-werkzeuge.de\/en\/wp-json\/wp\/v2\/users\/1"}],"replies":[{"embeddable":true,"href":"https:\/\/www.beckco-werkzeuge.de\/en\/wp-json\/wp\/v2\/comments?post=167"}],"version-history":[{"count":8,"href":"https:\/\/www.beckco-werkzeuge.de\/en\/wp-json\/wp\/v2\/pages\/167\/revisions"}],"predecessor-version":[{"id":366,"href":"https:\/\/www.beckco-werkzeuge.de\/en\/wp-json\/wp\/v2\/pages\/167\/revisions\/366"}],"wp:featuredmedia":[{"embeddable":true,"href":"https:\/\/www.beckco-werkzeuge.de\/en\/wp-json\/wp\/v2\/media\/564"}],"wp:attachment":[{"href":"https:\/\/www.beckco-werkzeuge.de\/en\/wp-json\/wp\/v2\/media?parent=167"}],"curies":[{"name":"wp","href":"https:\/\/api.w.org\/{rel}","templated":true}]}}