{"id":1630,"date":"2018-08-13T08:49:16","date_gmt":"2018-08-13T06:49:16","guid":{"rendered":"https:\/\/www.beckco-werkzeuge.de\/?page_id=1630"},"modified":"2020-02-17T08:57:27","modified_gmt":"2020-02-17T07:57:27","slug":"rechnung","status":"publish","type":"page","link":"https:\/\/www.beckco-werkzeuge.de\/en\/rechnung\/","title":{"rendered":"Rechnung per Mail"},"content":{"rendered":"<h1 style=\"text-align: center;\">Invoice via email<\/h1>\n    <style type=\"text\/css\">\n        form.rechnung-per-mail .form-group, form.rechnung-per-mail .relative {position: relative;overflow:visible;border-bottom:1px solid transparent;}\n        form.rechnung-per-mail .form-group {margin-bottom:15px;}\n        form.rechnung-per-mail input {margin-bottom:0;background:none;position: relative;top:0;left:0;z-index:1;outline:0;}\n        form.rechnung-per-mail input.filled {background: white;}\n        form.rechnung-per-mail input:focus {background:#fff;padding-top:10px;line-height:1.2;border:1px solid #1b54a2 !important;}\n        form.rechnung-per-mail input:focus + label.smooth {top: -10px;bottom:auto;margin-top:0;background:#1b54a2;color:white;font-size:70%;padding:1px 12px;z-index:2;}\n        form.rechnung-per-mail label.smooth { background:#fff;border-radius:4px 4px 0 0;font-weight: normal;margin:0;position: absolute;top: 0;bottom: 0;left: 0;width: 100%;color: #999;padding: 9px 12px;transition: all 0.2s;}\n        form.rechnung-per-mail .help-block{margin:0;}\n    <\/style>\n    <div class=\"row\"><div class=\"col-sm-12\"><\/div><\/div><p class=\"text-center\">Wir haben auf papierlose Rechnungen umgestellt.<br \/>\n                Registrieren Sie sich und erhalten Sie Ihre Rechnung ab sofort per E-Mail.\n        <\/p>\n    \n    <form class=\"form rechnung-per-mail\" action=\"https:\/\/www.beckco-werkzeuge.de\/en\/rechnung\/\" method=\"post\">\n        <div class=\"row\">\n            <div class=\"col-sm-6 col-sm-push-3\">\n                <div class=\"form-group\">\n                    <div class=\"relative\">\n                        <input class=\"form-control\" type=\"email\" name=\"rpm_mail\" id=\"EingabeInputmail\" value=\"\" \/>\n                        <label for=\"EingabeInputmail\" class=\"smooth\">Ihre E-Mail-Adresse *<\/label>\n                    <\/div>\n                    <span class=\"help-block small\">Ihre E-Mail-Adresse auf der Sie Ihre Rechnungen erhalten m\u00f6chten.<\/span>\n                <\/div>\n                <div class=\"form-group\">\n                    <div class=\"relative\">\n                        <input class=\"form-control\" type=\"text\" name=\"rpm_kdnr\" id=\"EingabeInputkdnr\" value=\"\" \/>\n                        <label for=\"EingabeInputkdnr\" class=\"smooth\">Ihre Beck Kundennummer *<\/label>\n                    <\/div>\n                    \n                <\/div>\n                <div class=\"form-group\">\n                    <div class=\"relative\">\n                        <input class=\"form-control\" type=\"text\" name=\"rpm_company\" id=\"EingabeInputCompany\" value=\"\" \/>\n                        <label class=\"smooth\" for=\"EingabeInputCompany\">Firma *<\/label>\n                    <\/div>\n                    \n                <\/div>\n                <div class=\"form-group\">\n                    <label for=\"EingabeInputAddress\">Anschrift: *<\/label>\n                    <div class=\"clearfix\">\n                        <div class=\"relative\" style=\"float:left;width:37%;\">\n                            <input class=\"form-control\" type=\"text\" name=\"rpm_street\" id=\"EingabeStreet\" value=\"\" \/>\n                            <label class=\"smooth\" for=\"EingabeStreet\">Stra\u00dfe *<\/label>\n                        <\/div>\n                        <div class=\"relative\" style=\"float:left;width:20%;margin-left:3%;\">\n                            <input class=\"form-control\" type=\"text\" name=\"rpm_plz\" id=\"EingabePlz\" value=\"\" \/>\n                            <label class=\"smooth\" for=\"EingabePlz\">PLZ *<\/label>\n                        <\/div>\n                        <div class=\"relative\" style=\"float:right;width:38%;\">\n                            <input class=\"form-control\" type=\"text\" name=\"rpm_city\" id=\"EingabeCity\" value=\"\" \/>\n                            <label class=\"smooth\" for=\"EingabeCity\">Ort *<\/label>\n                        <\/div>\n                    <\/div>\n                    \n                <\/div>\n                <div class=\"form-group\">\n                    <label for=\"EingabeInputAddress\">Ansprechpartner:<\/label>\n                    <div class=\"clearfix\">\n                        <div class=\"relative\" style=\"float:left;width:49%;\">\n                            <input class=\"form-control\" type=\"text\" name=\"rpm_name\" id=\"EingabeName\" value=\"\" \/>\n                            <label class=\"smooth\" for=\"EingabeName\">Name<\/label>\n                        <\/div>\n                        <div class=\"relative\" style=\"float:right;width:49%;\">\n                            <input class=\"form-control\" type=\"text\" name=\"rpm_phone\" id=\"EingabePhone\" value=\"\" \/>\n                            <label class=\"smooth\" for=\"EingabePhone\">Telefonnummer<\/label>\n                        <\/div>\n                    <\/div>\n                <\/div>\n            <\/div>\n        <\/div>\n        <div class=\"row\">\n            <div class=\"form-group\">\n                <div class=\"col-sm-12\">\n                    <input type=\"hidden\" name=\"rpm_gesendet\" value=\"1\" \/>\n                    <p>Aus datenschutzrechtlichen Gr\u00fcnden erhalten Sie nach Ihrer Registrierung eine E-Mail mit einem Best\u00e4tigungslink. F\u00fcr die finale Registrierung m\u00fcssen Sie diesen zwingend best\u00e4tigen. Nach dieser Best\u00e4tigung erhalten Sie ab sofort alle Rechnungen als PDF-Anhang per E-Mail.<\/p>\n                <\/div>\n            <\/div>\n        <\/div>\n        <div class=\"row\">\n            <div class=\"col-sm-6 col-sm-push-3\">\n                <div class=\"form-group text-right\">\n                    <span class=\"pull-left small\"><strong>* = Pflichtfeld<\/strong><\/span>\n                    <button type=\"submit\" class=\"btn btn-default btn-lg\">Absenden<\/button>\n                <\/div>\n            <\/div>\n        <\/div>\n    <\/form>    <script>\n        (function($){\n            $('form.rechnung-per-mail input').blur(function() {\n                if($(this).val().length) {\n                    $(this).addClass('filled');\n                } else {\n                    $(this).removeClass('filled');\n                }\n            });\n            $('form.rechnung-per-mail input').each(function() {\n                if($(this).val().length) {\n                    $(this).addClass('filled');\n                } else {\n                    $(this).removeClass('filled');\n                }\n            });\n        })(jQuery);\n    <\/script>\n    \n","protected":false},"excerpt":{"rendered":"<p>Invoice via email<\/p>\n","protected":false},"author":1,"featured_media":998,"parent":0,"menu_order":0,"comment_status":"closed","ping_status":"closed","template":"","meta":{"_acf_changed":false,"footnotes":""},"class_list":["post-1630","page","type-page","status-publish","has-post-thumbnail","hentry"],"acf":[],"_links":{"self":[{"href":"https:\/\/www.beckco-werkzeuge.de\/en\/wp-json\/wp\/v2\/pages\/1630","targetHints":{"allow":["GET"]}}],"collection":[{"href":"https:\/\/www.beckco-werkzeuge.de\/en\/wp-json\/wp\/v2\/pages"}],"about":[{"href":"https:\/\/www.beckco-werkzeuge.de\/en\/wp-json\/wp\/v2\/types\/page"}],"author":[{"embeddable":true,"href":"https:\/\/www.beckco-werkzeuge.de\/en\/wp-json\/wp\/v2\/users\/1"}],"replies":[{"embeddable":true,"href":"https:\/\/www.beckco-werkzeuge.de\/en\/wp-json\/wp\/v2\/comments?post=1630"}],"version-history":[{"count":4,"href":"https:\/\/www.beckco-werkzeuge.de\/en\/wp-json\/wp\/v2\/pages\/1630\/revisions"}],"predecessor-version":[{"id":2145,"href":"https:\/\/www.beckco-werkzeuge.de\/en\/wp-json\/wp\/v2\/pages\/1630\/revisions\/2145"}],"wp:featuredmedia":[{"embeddable":true,"href":"https:\/\/www.beckco-werkzeuge.de\/en\/wp-json\/wp\/v2\/media\/998"}],"wp:attachment":[{"href":"https:\/\/www.beckco-werkzeuge.de\/en\/wp-json\/wp\/v2\/media?parent=1630"}],"curies":[{"name":"wp","href":"https:\/\/api.w.org\/{rel}","templated":true}]}}